{"id":79,"date":"2024-12-30T11:22:41","date_gmt":"2024-12-30T10:22:41","guid":{"rendered":"https:\/\/finn-fand-tina.de\/?page_id=79"},"modified":"2024-12-30T13:27:34","modified_gmt":"2024-12-30T12:27:34","slug":"tina","status":"publish","type":"page","link":"https:\/\/finn-fand-tina.de\/?page_id=79","title":{"rendered":"Die Braut"},"content":{"rendered":"\n<h2 class=\"wp-block-heading\">Tina Thieme<\/h2>\n\n\n\n<p>Aufgewachsen in einer Kleinstadt am Rande des Ruhrgebiets (ich w\u00fcrde ja sagen im Sauerland, diese Aussage f\u00fchrt jedoch regelm\u00e4\u00dfig zu einer hitzigen Diskussion zwischen Br\u00e4utigam und Braut, somit lassen wir das hier), hat es mich mittlerweile, auch der Liebe wegen, nach Dortmund verschlagen. Ruhrpott-Romantik pur. Meine Eltern, meine Schwester, Schwager und Neffe sowie meine Trauzeugin und meine M\u00e4delstruppe halten der Kleinstadt Menden (Sauerland) &#8211; haaaa, es steht sogar offiziell auf dem Ortseingangsschild &#8211; die Treue. Ein guter Grund dort immer mal wieder vorbei zu schauen.<\/p>\n\n\n\n<p>Zwischen Organisationstalent und Chaos, einem riesengro\u00dfen Herz und manchmal etwas zu \u00fcberschw\u00e4nglichen Emotionen versuche ich allen, die mir begegnen, etwas Positives mitzugeben. Meine spontanen Ideen k\u00f6nnen mitrei\u00dfen oder auch f\u00fcr dezentes Kopfsch\u00fctteln sorgen, meine Mitmenschen kennen es nicht anders. <\/p>\n\n\n\n<p>Ein Projekt oder eigene Aufgabe brauche ich immer. Meine Ma sagte \u00fcber das im Dezember 2024 bei meinen Eltern eingezogene, 8 Wochen alte Dackelbaby Fiete (zuckers\u00fc\u00df, wird Ringtr\u00e4ger, wenn ich es \u00fcberzeugt bekomme): \u201eMan muss sie besch\u00e4ftigen, sonst besch\u00e4ftigen sie dich!\u201c Der Br\u00e4utigam fand dies \u00fcber mich auch recht passend\u2026<\/p>\n\n\n\n<p>Der Start meiner Selbstst\u00e4ndigkeit und diese Hochzeit sind ein guter Anfang, mal sehen was mir danach in den Sinn kommt. <\/p>\n\n\n\n<p>Ich freue mich auf eine tolle Zeit mit euch! <\/p>\n","protected":false},"excerpt":{"rendered":"<p>Tina Thieme Aufgewachsen in einer Kleinstadt am Rande des Ruhrgebiets (ich w\u00fcrde ja sagen im Sauerland, diese Aussage f\u00fchrt jedoch regelm\u00e4\u00dfig zu einer hitzigen Diskussion zwischen Br\u00e4utigam und Braut, somit lassen wir das hier), hat es mich mittlerweile, auch der Liebe wegen, nach Dortmund verschlagen. Ruhrpott-Romantik pur. Meine Eltern, meine Schwester, Schwager und Neffe sowie [&hellip;]<\/p>\n","protected":false},"author":1,"featured_media":160,"parent":0,"menu_order":0,"comment_status":"closed","ping_status":"closed","template":"","meta":{"footnotes":""},"class_list":["post-79","page","type-page","status-publish","has-post-thumbnail","hentry"],"jetpack_sharing_enabled":true,"_links":{"self":[{"href":"https:\/\/finn-fand-tina.de\/index.php?rest_route=\/wp\/v2\/pages\/79","targetHints":{"allow":["GET"]}}],"collection":[{"href":"https:\/\/finn-fand-tina.de\/index.php?rest_route=\/wp\/v2\/pages"}],"about":[{"href":"https:\/\/finn-fand-tina.de\/index.php?rest_route=\/wp\/v2\/types\/page"}],"author":[{"embeddable":true,"href":"https:\/\/finn-fand-tina.de\/index.php?rest_route=\/wp\/v2\/users\/1"}],"replies":[{"embeddable":true,"href":"https:\/\/finn-fand-tina.de\/index.php?rest_route=%2Fwp%2Fv2%2Fcomments&post=79"}],"version-history":[{"count":10,"href":"https:\/\/finn-fand-tina.de\/index.php?rest_route=\/wp\/v2\/pages\/79\/revisions"}],"predecessor-version":[{"id":190,"href":"https:\/\/finn-fand-tina.de\/index.php?rest_route=\/wp\/v2\/pages\/79\/revisions\/190"}],"wp:featuredmedia":[{"embeddable":true,"href":"https:\/\/finn-fand-tina.de\/index.php?rest_route=\/wp\/v2\/media\/160"}],"wp:attachment":[{"href":"https:\/\/finn-fand-tina.de\/index.php?rest_route=%2Fwp%2Fv2%2Fmedia&parent=79"}],"curies":[{"name":"wp","href":"https:\/\/api.w.org\/{rel}","templated":true}]}}