{"id":83,"date":"2024-12-30T11:22:56","date_gmt":"2024-12-30T10:22:56","guid":{"rendered":"https:\/\/finn-fand-tina.de\/?page_id=83"},"modified":"2024-12-30T13:35:25","modified_gmt":"2024-12-30T12:35:25","slug":"der-braeutigam","status":"publish","type":"page","link":"https:\/\/finn-fand-tina.de\/?page_id=83","title":{"rendered":"Der Br\u00e4utigam"},"content":{"rendered":"\n<h2 class=\"wp-block-heading\">Finn Thieme<\/h2>\n\n\n\n<p>Der &#8220;wahre&#8221; Sauerl\u00e4nder dieser Ehe kommt aus Halver (wir m\u00fcssen nichtmal auf das Ortsschild schreiben, zu welchem Teil Deutschlands wir geh\u00f6ren &#8211; das wei\u00df man einfach).<\/p>\n\n\n\n<p>Viele kennen mich als den Menschen, der zwischen Schlaf und etwas Sport auch noch so 12 &#8211; 14 Stunden Arbeit unterbringt. Abgesehen davon bin ich ein sehr leidenschaftlicher und begeisterungsf\u00e4higer Mensch. Meistens nicht l\u00e4nger als ein paar Stunden an einem Ort, wurde ich schon als vieles bezeichnet, darunter:<\/p>\n\n\n\n<ul class=\"wp-block-list\">\n<li>Trucker<\/li>\n\n\n\n<li>Social Butterfly<\/li>\n\n\n\n<li>Weltenbummler<\/li>\n\n\n\n<li>Schwer zu erreichen<\/li>\n<\/ul>\n\n\n\n<p><\/p>\n\n\n\n<p>Trotz der Distanzen zu den Menschen, die mir wichtig sind, schaffe ich es mit tausenden von Bahn Bonuspunkten und ebenfalls tausenden an Kilometern auf Autos, immer wieder N\u00e4he zu schaffen.<\/p>\n\n\n\n<p>Abgesehen davon sehe ich mich zu 100% in dem von Marc-Uwe Kling formulierten Bewerbungspitches: &#8220;Ich bin flexibel, belastbar, kreativ, innovativ, begeisterungsf\u00e4hig, teamf\u00e4hig und.. \u00e4h.. kreativ!&#8221;<\/p>\n\n\n\n<p>Lasst uns gemeinsam die Tassen heben, das *diese Stelle wurde von der Braut zensiert, da das Catering noch nicht feststeht* vernichten und vom Zelt nur noch das Gest\u00e4nge \u00fcbrig lassen &#8211; let&#8217;s go!<\/p>\n","protected":false},"excerpt":{"rendered":"<p>Finn Thieme Der &#8220;wahre&#8221; Sauerl\u00e4nder dieser Ehe kommt aus Halver (wir m\u00fcssen nichtmal auf das Ortsschild schreiben, zu welchem Teil Deutschlands wir geh\u00f6ren &#8211; das wei\u00df man einfach). Viele kennen mich als den Menschen, der zwischen Schlaf und etwas Sport auch noch so 12 &#8211; 14 Stunden Arbeit unterbringt. Abgesehen davon bin ich ein sehr [&hellip;]<\/p>\n","protected":false},"author":1,"featured_media":195,"parent":0,"menu_order":0,"comment_status":"closed","ping_status":"closed","template":"","meta":{"footnotes":""},"class_list":["post-83","page","type-page","status-publish","has-post-thumbnail","hentry"],"jetpack_sharing_enabled":true,"_links":{"self":[{"href":"https:\/\/finn-fand-tina.de\/index.php?rest_route=\/wp\/v2\/pages\/83","targetHints":{"allow":["GET"]}}],"collection":[{"href":"https:\/\/finn-fand-tina.de\/index.php?rest_route=\/wp\/v2\/pages"}],"about":[{"href":"https:\/\/finn-fand-tina.de\/index.php?rest_route=\/wp\/v2\/types\/page"}],"author":[{"embeddable":true,"href":"https:\/\/finn-fand-tina.de\/index.php?rest_route=\/wp\/v2\/users\/1"}],"replies":[{"embeddable":true,"href":"https:\/\/finn-fand-tina.de\/index.php?rest_route=%2Fwp%2Fv2%2Fcomments&post=83"}],"version-history":[{"count":3,"href":"https:\/\/finn-fand-tina.de\/index.php?rest_route=\/wp\/v2\/pages\/83\/revisions"}],"predecessor-version":[{"id":196,"href":"https:\/\/finn-fand-tina.de\/index.php?rest_route=\/wp\/v2\/pages\/83\/revisions\/196"}],"wp:featuredmedia":[{"embeddable":true,"href":"https:\/\/finn-fand-tina.de\/index.php?rest_route=\/wp\/v2\/media\/195"}],"wp:attachment":[{"href":"https:\/\/finn-fand-tina.de\/index.php?rest_route=%2Fwp%2Fv2%2Fmedia&parent=83"}],"curies":[{"name":"wp","href":"https:\/\/api.w.org\/{rel}","templated":true}]}}