{"id":97,"date":"2024-12-30T11:26:17","date_gmt":"2024-12-30T10:26:17","guid":{"rendered":"https:\/\/finn-fand-tina.de\/?page_id=97"},"modified":"2024-12-30T16:18:41","modified_gmt":"2024-12-30T15:18:41","slug":"hochzeitslocation","status":"publish","type":"page","link":"https:\/\/finn-fand-tina.de\/?page_id=97","title":{"rendered":"Hochzeitslocation"},"content":{"rendered":"\n<p>Wir feiern in der Zehdenicker Str. 24 in F\u00fcrstenberg \/ Havel direkt am Baalensee. <\/p>\n\n\n\n<p>Wir freuen uns dar\u00fcber, wenn ihr euch f\u00fcr unsere Feier h\u00fcbsch machen wollt. Bitte denkt daran, euch entsprechend der Witterung zu kleiden. Wir haben ein beheiztes Zelt, die freie Trauung findet m\u00f6glichst am See statt. <\/p>\n\n\n\n<p>Feste Schuhe sind empfehlenswert, der Rasen kann uneben sein. <\/p>\n\n\n\n<p>Kinder sind herzlich willkommen! Der Zugang zum See wird gesichert, Spielm\u00f6glichkeiten werden f\u00fcr kleine, gro\u00dfe und ganz gro\u00dfe Kinder (darauf besteht der Br\u00e4utigam) aufgebaut. Weiterhin stellen wir unseren Wohnwagen auf dem Gel\u00e4nde f\u00fcr Kiddos und Eltern zur Verf\u00fcgung, wenn gef\u00fcttert, gewickelt, getr\u00f6stet oder geschlummert werden muss.<\/p>\n\n\n\n<p>Hunde k\u00f6nnen ebenfalls gerne mitgebracht werden. Bitte f\u00fchrt sie an der Leine und entscheidet selbst, ob euer felliger Freund happy auf der Veranstaltung ist. <\/p>\n\n\n\n<p>Falls ihr Fragen habt, meldet euch gerne bei uns. <\/p>\n","protected":false},"excerpt":{"rendered":"<p>Wir feiern in der Zehdenicker Str. 24 in F\u00fcrstenberg \/ Havel direkt am Baalensee. Wir freuen uns dar\u00fcber, wenn ihr euch f\u00fcr unsere Feier h\u00fcbsch machen wollt. Bitte denkt daran, euch entsprechend der Witterung zu kleiden. Wir haben ein beheiztes Zelt, die freie Trauung findet m\u00f6glichst am See statt. Feste Schuhe sind empfehlenswert, der Rasen [&hellip;]<\/p>\n","protected":false},"author":1,"featured_media":237,"parent":0,"menu_order":0,"comment_status":"closed","ping_status":"closed","template":"","meta":{"footnotes":""},"class_list":["post-97","page","type-page","status-publish","has-post-thumbnail","hentry"],"jetpack_sharing_enabled":true,"_links":{"self":[{"href":"https:\/\/finn-fand-tina.de\/index.php?rest_route=\/wp\/v2\/pages\/97","targetHints":{"allow":["GET"]}}],"collection":[{"href":"https:\/\/finn-fand-tina.de\/index.php?rest_route=\/wp\/v2\/pages"}],"about":[{"href":"https:\/\/finn-fand-tina.de\/index.php?rest_route=\/wp\/v2\/types\/page"}],"author":[{"embeddable":true,"href":"https:\/\/finn-fand-tina.de\/index.php?rest_route=\/wp\/v2\/users\/1"}],"replies":[{"embeddable":true,"href":"https:\/\/finn-fand-tina.de\/index.php?rest_route=%2Fwp%2Fv2%2Fcomments&post=97"}],"version-history":[{"count":3,"href":"https:\/\/finn-fand-tina.de\/index.php?rest_route=\/wp\/v2\/pages\/97\/revisions"}],"predecessor-version":[{"id":238,"href":"https:\/\/finn-fand-tina.de\/index.php?rest_route=\/wp\/v2\/pages\/97\/revisions\/238"}],"wp:featuredmedia":[{"embeddable":true,"href":"https:\/\/finn-fand-tina.de\/index.php?rest_route=\/wp\/v2\/media\/237"}],"wp:attachment":[{"href":"https:\/\/finn-fand-tina.de\/index.php?rest_route=%2Fwp%2Fv2%2Fmedia&parent=97"}],"curies":[{"name":"wp","href":"https:\/\/api.w.org\/{rel}","templated":true}]}}